{"id":128,"date":"2020-02-25T10:42:02","date_gmt":"2020-02-25T09:42:02","guid":{"rendered":"https:\/\/lego-masters.si\/?page_id=128"},"modified":"2020-02-25T13:05:44","modified_gmt":"2020-02-25T12:05:44","slug":"tekmovanje-lego-masters","status":"publish","type":"page","link":"https:\/\/lego-masters.si\/?page_id=128","title":{"rendered":"Tekmovanje Lego Masters"},"content":{"rendered":"<p align=\"justify\">Tekmovanje <strong>Lego Masters<\/strong> je namenjeno dijakom vseh srednjih \u0161ol, ki jih poleg \u0161olskih obveznosti zanima tudi podro\u010dje avtonomnih mobilnih sistemov. Sestavite svoj mobilni sistem, algoritem vodenja in se na tekmovalnem poligonu pomerite z drugimi ekipami za naslov Lego Masters.<\/p>\n<p align=\"justify\">Cilj tekmovanja Lego Masters je, da s pomo\u010djo kompletov <strong>Lego Mindstorms<\/strong> sestavite avtonomni mobilni sistemi, ki bo zmo\u017een s pomo\u010djo vgrajenih algoritmov vodenja samostojno opraviti dolo\u010deno nalogo. Pri tem sta pomembna tako natan\u010dnost opravljene naloge, kot \u010das, ki ga bo sistem za to potreboval.<\/p>\n<figure class=\"wp-block-image\"><img src=\"https:\/\/lego-masters.si\/wp-content\/uploads\/2020\/02\/lego_prva_2019.jpg\" alt=\"Fakulteta za elektrotehniko\"><\/figure>\n<figure class=\"wp-block-image\"><img src=\"https:\/\/dnevi-avtomatike.si\/wp-content\/uploads\/2019\/01\/Avtomatiki-vodimo-svet-na-bolje-2.png\" alt=\"\" class=\"wp-image-50\"><\/figure>\n","protected":false},"excerpt":{"rendered":"<p>Tekmovanje Lego Masters je namenjeno dijakom vseh srednjih \u0161ol, ki jih poleg \u0161olskih obveznosti zanima tudi podro\u010dje avtonomnih mobilnih sistemov. Sestavite svoj mobilni sistem, algoritem vodenja in se na tekmovalnem poligonu pomerite z drugimi ekipami za naslov Lego Masters. Cilj tekmovanja Lego Masters je, da s pomo\u010djo kompletov Lego Mindstorms sestavite avtonomni mobilni sistemi, ki [&hellip;]<\/p>\n","protected":false},"author":1,"featured_media":0,"parent":0,"menu_order":0,"comment_status":"closed","ping_status":"closed","template":"","meta":{"ngg_post_thumbnail":0},"_links":{"self":[{"href":"https:\/\/lego-masters.si\/index.php?rest_route=\/wp\/v2\/pages\/128"}],"collection":[{"href":"https:\/\/lego-masters.si\/index.php?rest_route=\/wp\/v2\/pages"}],"about":[{"href":"https:\/\/lego-masters.si\/index.php?rest_route=\/wp\/v2\/types\/page"}],"author":[{"embeddable":true,"href":"https:\/\/lego-masters.si\/index.php?rest_route=\/wp\/v2\/users\/1"}],"replies":[{"embeddable":true,"href":"https:\/\/lego-masters.si\/index.php?rest_route=%2Fwp%2Fv2%2Fcomments&post=128"}],"version-history":[{"count":5,"href":"https:\/\/lego-masters.si\/index.php?rest_route=\/wp\/v2\/pages\/128\/revisions"}],"predecessor-version":[{"id":149,"href":"https:\/\/lego-masters.si\/index.php?rest_route=\/wp\/v2\/pages\/128\/revisions\/149"}],"wp:attachment":[{"href":"https:\/\/lego-masters.si\/index.php?rest_route=%2Fwp%2Fv2%2Fmedia&parent=128"}],"curies":[{"name":"wp","href":"https:\/\/api.w.org\/{rel}","templated":true}]}}