{"id":135,"date":"2020-02-25T11:05:47","date_gmt":"2020-02-25T10:05:47","guid":{"rendered":"https:\/\/lego-masters.si\/?page_id=135"},"modified":"2022-09-22T10:41:34","modified_gmt":"2022-09-22T09:41:34","slug":"zgodovina-tekmovanja","status":"publish","type":"page","link":"https:\/\/lego-masters.si\/?page_id=135","title":{"rendered":"Zgodovina tekmovanja"},"content":{"rendered":"<p align=\"justify\">Tradicionalno tekmovanje <strong>Lego Masters<\/strong> se vsakoletno odvija v sklopu dogodka <strong>Dnevi Avtomatike<\/strong>. Za\u010detki tekmovanja segajo v leto 2013, ko je bil organiziran tudi prvi dogodek Dnevi Avtomatike. Prvi dve leti je bilo tekmovanje namenjeno zgolj \u0161tudentskim ekipam Fakultete za elektrotehniko v Ljubljani, od leta 2015 naprej pa tudi dijakom vseh srednjih \u0161ol. <!-- br--><!-- br--><\/p>\n<p align=\"justify\">V letu 2019 se je tekmovanju Lego Masters pridru\u017eilo tekmovanje v na\u010drtovanju nadzornih sistemov <strong>SCADA Mojstri<\/strong>, v letu 2020 pa je bilo planirano tudi tekmovanje v vodenju avtonomnih brezpilotnih letalnikov <strong>DRONE Challenge<\/strong>. Oba tekmovanja sta trenutno namenjena \u0161tudentom FE.<!-- br--><!-- br--><\/p>\n<p align=\"justify\">V letih 2020, 2021 in 2022 je tekmovanje zaradi prepre\u010devanja \u0161irjenja oku\u017eb s Covid-19 odpadlo.<\/p>\n<p align=\"justify\">Tekmovanje bo v letu 2023 potekalo <strong>osmi\u010d<\/strong>. Vseh dosedanjih tekmovanj se je udele\u017eilo \u017ee ve\u010d kot 800 udele\u017eencev, s preko 70 fakultet in srednjih \u0161ol. Letno se dogodkov povezanih z Dnevi Avtomatike udele\u017ei preko 150 \u0161tudentov, dijakov in njihovih mentorjev.<!-- br--><!-- br--><\/p>\n<p align=\"justify\">Namen vseh tekmovanj je \u0161tudentom in dijakom ponuditi dodatno ob\u0161tudijsko oziroma ob\u0161olsko dejavnost, s katero preko zabavnih nalog razvijejo in nadgradijo svoje znanje s podro\u010dja <strong>avtomatike, senzorike in vodenja sistemov<\/strong>. Tekmovanja stremijo predvsem k vzpodbujanju ekipnega dela med \u0161tudenti, vzpodbujanju projektno orientiranega razmi\u0161ljanja ter pridobitvi prakti\u010dnih znanj. Na ta na\u010din pridobljena dodatna prakti\u010dna znanja so uporabna ne samo na podro\u010dju razvoja avtonomnih mobilnih sistemov, temve\u010d tudi pri na\u010drtovanju, optimiranju in vodenju ostalih inteligentnih sistemov ter na \u0161tevilnih drugih interdisciplinarnih podro\u010djih.<\/p>\n<p align=\"justify\">V sklopu dogodka <strong>Dnevi Avtomatike<\/strong> se vsako leto predstavljajo tudi najvidnej\u0161a slovenska podjetja s podro\u010dja avtomatizacije procesov, kar predstavlja odli\u010dno prilo\u017enost za vzpostavitev stikov s potencialnim delodajalcem.<\/p>\n<figure class=\"wp-block-image\"><img class=\"wp-image-50\" src=\"https:\/\/lego-masters.si\/wp-content\/uploads\/2020\/02\/Avtomatiki-vodimo-svet-na-bolje-2.png\" alt=\"\"><\/figure>\n","protected":false},"excerpt":{"rendered":"<p>Tradicionalno tekmovanje Lego Masters se vsakoletno odvija v sklopu dogodka Dnevi Avtomatike. Za\u010detki tekmovanja segajo v leto 2013, ko je bil organiziran tudi prvi dogodek Dnevi Avtomatike. Prvi dve leti je bilo tekmovanje namenjeno zgolj \u0161tudentskim ekipam Fakultete za elektrotehniko v Ljubljani, od leta 2015 naprej pa tudi dijakom vseh srednjih \u0161ol. V letu 2019 [&hellip;]<\/p>\n","protected":false},"author":1,"featured_media":0,"parent":0,"menu_order":0,"comment_status":"closed","ping_status":"closed","template":"","meta":{"ngg_post_thumbnail":0},"_links":{"self":[{"href":"https:\/\/lego-masters.si\/index.php?rest_route=\/wp\/v2\/pages\/135"}],"collection":[{"href":"https:\/\/lego-masters.si\/index.php?rest_route=\/wp\/v2\/pages"}],"about":[{"href":"https:\/\/lego-masters.si\/index.php?rest_route=\/wp\/v2\/types\/page"}],"author":[{"embeddable":true,"href":"https:\/\/lego-masters.si\/index.php?rest_route=\/wp\/v2\/users\/1"}],"replies":[{"embeddable":true,"href":"https:\/\/lego-masters.si\/index.php?rest_route=%2Fwp%2Fv2%2Fcomments&post=135"}],"version-history":[{"count":11,"href":"https:\/\/lego-masters.si\/index.php?rest_route=\/wp\/v2\/pages\/135\/revisions"}],"predecessor-version":[{"id":1158,"href":"https:\/\/lego-masters.si\/index.php?rest_route=\/wp\/v2\/pages\/135\/revisions\/1158"}],"wp:attachment":[{"href":"https:\/\/lego-masters.si\/index.php?rest_route=%2Fwp%2Fv2%2Fmedia&parent=135"}],"curies":[{"name":"wp","href":"https:\/\/api.w.org\/{rel}","templated":true}]}}