{"id":62,"date":"2020-02-25T06:21:38","date_gmt":"2020-02-25T06:21:38","guid":{"rendered":"https:\/\/lego-masters.si\/?page_id=62"},"modified":"2022-09-22T10:46:20","modified_gmt":"2022-09-22T09:46:20","slug":"dnevi-avtomatike","status":"publish","type":"page","link":"https:\/\/lego-masters.si\/?page_id=62","title":{"rendered":"Dnevi Avtomatike"},"content":{"rendered":"\n<p><\/p>\n\n\n\n<p>Da bi podro\u010dje avtomatike pribli\u017eali \u0161tudentom, dijakom in \u0161ir\u0161i javnosti, smo se v Laboratoriju za avtomatiko in kibernetiko odlo\u010dili organizirati dogodek, kjer bi se sre\u010dali vsi, ki se z avtomatiko kakor koli sre\u010dujejo. Dogodek smo poimenovali\u00a0<strong>Dnevi avtomatike<\/strong>\u00a0in je namenjen dijakom in \u0161tudentom, ki \u0161ele prihajajo na Fakulteto za elektrotehniko in avtomatike sploh \u0161e ne poznajo, \u0161tudentom smeri Avtomatika, ki se na dogodku seznanijo kaj se dogaja v industriji, predstavnikom podjetij, ki se bodo sre\u010dali z raziskovalci s tega podro\u010dja in tudi vsem ostalim, ki jih podro\u010dje zanima.<\/p>\n\n\n\n<p>Dogodek poteka \u017ee od leta 2013, vsako leto pa zanimanje zanj nara\u0161\u010da. Na dogodku se predstavljajo podjetja s podro\u010dja avtomatike, organizirane so predstavitve industrijskih projektov, podeljene so nagrade za najbolj\u0161e \u0161tudentske dose\u017eke na podro\u010dju avtomatike v preteklem letu, osrednji dogodek pa prestavljajo dija\u0161ko tekmovanje\u00a0<a rel=\"noreferrer noopener\" href=\"http:\/\/lego-masters.si\/\" target=\"_blank\"><strong>Lego Masters<\/strong><\/a>\u00a0ter od leta 2023 \u0161tudentsko tekmovanje\u00a0<a rel=\"noreferrer noopener\" href=\"https:\/\/dnevi-avtomatike.si\/?page_id=429\" target=\"_blank\"><strong>DRONE Challenge<\/strong><\/a>. Tekmovanje\u00a0<strong>Lego Masters<\/strong>\u00a0je tekmovanje dija\u0161kih ekip v izdelavi avtonomnega mobilnega sistema in kreiranju njegove inteligence, da lahko le-ta samostojno deluje in izvede dolo\u010deno nalogo. Tekmovanje\u00a0<strong>DRONE\u00a0Challenge<\/strong>\u00a0pa zajema izdelavo algoritmov vodenja za upravljanje avtonomnega brezpilotnega letalnika, ki zmore samodejno preleteti zastavljen poligon.<\/p>\n\n\n\n<p>Skozi dogodek \u017eelimo na fakulteti zbli\u017eati vse akterje s podro\u010dja avtomatike, od najvidnej\u0161ih podjetij, raziskovalcev, do \u0161tudentov, ki bi ob predstavitvah lahko dobili vpogled v aktualne smernice v avtomatiki, spoznali podjetja in mo\u017enosti za svojo zaposlitev.&nbsp;<\/p>\n\n\n\n<p>Te zanima? Obi\u0161\u010di nas!<\/p>\n","protected":false},"excerpt":{"rendered":"<p>Da bi podro\u010dje avtomatike pribli\u017eali \u0161tudentom, dijakom in \u0161ir\u0161i javnosti, smo se v Laboratoriju za avtomatiko in kibernetiko odlo\u010dili organizirati dogodek, kjer bi se sre\u010dali vsi, ki se z avtomatiko kakor koli sre\u010dujejo. Dogodek smo poimenovali\u00a0Dnevi avtomatike\u00a0in je namenjen dijakom in \u0161tudentom, ki \u0161ele prihajajo na Fakulteto za elektrotehniko in avtomatike sploh \u0161e ne poznajo, [&hellip;]<\/p>\n","protected":false},"author":1,"featured_media":0,"parent":0,"menu_order":0,"comment_status":"closed","ping_status":"closed","template":"","meta":{"ngg_post_thumbnail":0},"_links":{"self":[{"href":"https:\/\/lego-masters.si\/index.php?rest_route=\/wp\/v2\/pages\/62"}],"collection":[{"href":"https:\/\/lego-masters.si\/index.php?rest_route=\/wp\/v2\/pages"}],"about":[{"href":"https:\/\/lego-masters.si\/index.php?rest_route=\/wp\/v2\/types\/page"}],"author":[{"embeddable":true,"href":"https:\/\/lego-masters.si\/index.php?rest_route=\/wp\/v2\/users\/1"}],"replies":[{"embeddable":true,"href":"https:\/\/lego-masters.si\/index.php?rest_route=%2Fwp%2Fv2%2Fcomments&post=62"}],"version-history":[{"count":6,"href":"https:\/\/lego-masters.si\/index.php?rest_route=\/wp\/v2\/pages\/62\/revisions"}],"predecessor-version":[{"id":1161,"href":"https:\/\/lego-masters.si\/index.php?rest_route=\/wp\/v2\/pages\/62\/revisions\/1161"}],"wp:attachment":[{"href":"https:\/\/lego-masters.si\/index.php?rest_route=%2Fwp%2Fv2%2Fmedia&parent=62"}],"curies":[{"name":"wp","href":"https:\/\/api.w.org\/{rel}","templated":true}]}}