{"id":67,"date":"2020-02-25T06:24:06","date_gmt":"2020-02-25T06:24:06","guid":{"rendered":"https:\/\/lego-masters.si\/?page_id=67"},"modified":"2020-02-25T13:19:23","modified_gmt":"2020-02-25T12:19:23","slug":"spoznavanje-podrocja-avtomatike-in-ams","status":"publish","type":"page","link":"https:\/\/lego-masters.si\/?page_id=67","title":{"rendered":"Spoznavanje podro\u010dja avtomatike in AMS"},"content":{"rendered":"\n<p><p align=\"justify\">Te zanima podro\u010dje avtomatike in avtonomnih mobilnih sistemov?<\/p><\/p>\n\n\n\n<p><p align=\"justify\"><strong>Avtomatika <\/strong>govori natan\u010dneje o znanjih o sistemih, signalih, o modeliranju in ra\u010dunalni\u0161ki simulaciji ter na\u010drtovanju vodenja z naprednimi inteligentnimi metodami. Avtomatika vklju\u010duje &nbsp;sodobne merilne sisteme, robotske sisteme, mikrokrmilni\u0161ke vgradne sisteme, ra\u010dunalni\u0161ki vid ter slikovne in govorne tehnologije. V zadnjem \u010dasu \u0161e posebej na veljavi pridobivajo <strong>avtonomni mobilni sistemi<\/strong> (AMS), katerih namen je opravljanje dolo\u010denih nalog z uporabo lastne inteligence, brez posredovanja \u010dloveka. Med njih spadajo tudi samovoze\u010di avtomobili in brezpilotni letalniki.<\/p><\/p>\n","protected":false},"excerpt":{"rendered":"<p>Te zanima podro\u010dje avtomatike in avtonomnih mobilnih sistemov? Avtomatika govori natan\u010dneje o znanjih o sistemih, signalih, o modeliranju in ra\u010dunalni\u0161ki simulaciji ter na\u010drtovanju vodenja z naprednimi inteligentnimi metodami. Avtomatika vklju\u010duje &nbsp;sodobne merilne sisteme, robotske sisteme, mikrokrmilni\u0161ke vgradne sisteme, ra\u010dunalni\u0161ki vid ter slikovne in govorne tehnologije. V zadnjem \u010dasu \u0161e posebej na veljavi pridobivajo avtonomni mobilni [&hellip;]<\/p>\n","protected":false},"author":1,"featured_media":0,"parent":0,"menu_order":0,"comment_status":"closed","ping_status":"closed","template":"","meta":{"ngg_post_thumbnail":0},"_links":{"self":[{"href":"https:\/\/lego-masters.si\/index.php?rest_route=\/wp\/v2\/pages\/67"}],"collection":[{"href":"https:\/\/lego-masters.si\/index.php?rest_route=\/wp\/v2\/pages"}],"about":[{"href":"https:\/\/lego-masters.si\/index.php?rest_route=\/wp\/v2\/types\/page"}],"author":[{"embeddable":true,"href":"https:\/\/lego-masters.si\/index.php?rest_route=\/wp\/v2\/users\/1"}],"replies":[{"embeddable":true,"href":"https:\/\/lego-masters.si\/index.php?rest_route=%2Fwp%2Fv2%2Fcomments&post=67"}],"version-history":[{"count":2,"href":"https:\/\/lego-masters.si\/index.php?rest_route=\/wp\/v2\/pages\/67\/revisions"}],"predecessor-version":[{"id":158,"href":"https:\/\/lego-masters.si\/index.php?rest_route=\/wp\/v2\/pages\/67\/revisions\/158"}],"wp:attachment":[{"href":"https:\/\/lego-masters.si\/index.php?rest_route=%2Fwp%2Fv2%2Fmedia&parent=67"}],"curies":[{"name":"wp","href":"https:\/\/api.w.org\/{rel}","templated":true}]}}