{"id":69,"date":"2020-02-25T06:24:42","date_gmt":"2020-02-25T06:24:42","guid":{"rendered":"https:\/\/lego-masters.si\/?page_id=69"},"modified":"2022-09-22T10:47:22","modified_gmt":"2022-09-22T09:47:22","slug":"pridobivanje-novih-znanj","status":"publish","type":"page","link":"https:\/\/lego-masters.si\/?page_id=69","title":{"rendered":"Pridobivanje novih znanj"},"content":{"rendered":"\n<p><\/p>\n\n\n\n<p>Si \u017eeli\u0161 pridobiti nova znanja s podro\u010dja <strong>avtomatike <\/strong>in <strong>avtonomnih mobilnih sistemov<\/strong>?<\/p>\n\n\n\n<p>Znanja s podro\u010dja avtomatike omogo\u010dajo na\u010drtovanje ra\u010dunalni\u0161kih sistemov za spremljanje, nadzor in avtomatsko vodenje procesov v naj\u0161ir\u0161em pomenu besede. Znanja so neobhodna pri optimiranju in vodenju procesnih, proizvodnih in logisti\u010dnih sistemov, na podro\u010djih razvoja robotskih in avtonomnih mobilnih sistemov, pri na\u010drtovanju inteligentnih sistemov, biometri\u010dnih sistemov, v biomedicinski tehniki ter na \u0161tevilnih drugih interdisciplinarnih podro\u010djih.<\/p>\n","protected":false},"excerpt":{"rendered":"<p>Si \u017eeli\u0161 pridobiti nova znanja s podro\u010dja avtomatike in avtonomnih mobilnih sistemov? Znanja s podro\u010dja avtomatike omogo\u010dajo na\u010drtovanje ra\u010dunalni\u0161kih sistemov za spremljanje, nadzor in avtomatsko vodenje procesov v naj\u0161ir\u0161em pomenu besede. Znanja so neobhodna pri optimiranju in vodenju procesnih, proizvodnih in logisti\u010dnih sistemov, na podro\u010djih razvoja robotskih in avtonomnih mobilnih sistemov, pri na\u010drtovanju inteligentnih sistemov, [&hellip;]<\/p>\n","protected":false},"author":1,"featured_media":0,"parent":0,"menu_order":0,"comment_status":"closed","ping_status":"closed","template":"","meta":{"ngg_post_thumbnail":0},"_links":{"self":[{"href":"https:\/\/lego-masters.si\/index.php?rest_route=\/wp\/v2\/pages\/69"}],"collection":[{"href":"https:\/\/lego-masters.si\/index.php?rest_route=\/wp\/v2\/pages"}],"about":[{"href":"https:\/\/lego-masters.si\/index.php?rest_route=\/wp\/v2\/types\/page"}],"author":[{"embeddable":true,"href":"https:\/\/lego-masters.si\/index.php?rest_route=\/wp\/v2\/users\/1"}],"replies":[{"embeddable":true,"href":"https:\/\/lego-masters.si\/index.php?rest_route=%2Fwp%2Fv2%2Fcomments&post=69"}],"version-history":[{"count":3,"href":"https:\/\/lego-masters.si\/index.php?rest_route=\/wp\/v2\/pages\/69\/revisions"}],"predecessor-version":[{"id":1162,"href":"https:\/\/lego-masters.si\/index.php?rest_route=\/wp\/v2\/pages\/69\/revisions\/1162"}],"wp:attachment":[{"href":"https:\/\/lego-masters.si\/index.php?rest_route=%2Fwp%2Fv2%2Fmedia&parent=69"}],"curies":[{"name":"wp","href":"https:\/\/api.w.org\/{rel}","templated":true}]}}