{"id":71,"date":"2020-02-25T06:25:20","date_gmt":"2020-02-25T06:25:20","guid":{"rendered":"https:\/\/lego-masters.si\/?page_id=71"},"modified":"2020-02-25T13:18:45","modified_gmt":"2020-02-25T12:18:45","slug":"mrezenje-s-potencialnimi-delodajalci","status":"publish","type":"page","link":"https:\/\/lego-masters.si\/?page_id=71","title":{"rendered":"Mre\u017eenje s potencialnimi delodajalci"},"content":{"rendered":"\n<p><p align=\"justify\">Si \u017eeli\u0161 spoznati bodo\u010dega delodajalca ali pa te zanimajo trenutni trendi v industriji?<\/p><\/p>\n\n\n\n<p><p align=\"justify\">Na dogodki Dnevi avtomatike se vsako leto predstavljajo nekatera najvidnej\u0161a in najuspe\u0161nej\u0161a slovenska podjetja s podro\u010dja industrijske avtomatizacije. <\/p><\/p>\n\n\n\n<p><p align=\"justify\">Stopi v stik s predstavniki podjetja in se pozanimaj o mo\u017enostih zaposlitve na \u0161tiri o\u010di.<\/p><\/p>\n","protected":false},"excerpt":{"rendered":"<p>Si \u017eeli\u0161 spoznati bodo\u010dega delodajalca ali pa te zanimajo trenutni trendi v industriji? Na dogodki Dnevi avtomatike se vsako leto predstavljajo nekatera najvidnej\u0161a in najuspe\u0161nej\u0161a slovenska podjetja s podro\u010dja industrijske avtomatizacije. Stopi v stik s predstavniki podjetja in se pozanimaj o mo\u017enostih zaposlitve na \u0161tiri o\u010di.<\/p>\n","protected":false},"author":1,"featured_media":0,"parent":0,"menu_order":0,"comment_status":"closed","ping_status":"closed","template":"","meta":{"ngg_post_thumbnail":0},"_links":{"self":[{"href":"https:\/\/lego-masters.si\/index.php?rest_route=\/wp\/v2\/pages\/71"}],"collection":[{"href":"https:\/\/lego-masters.si\/index.php?rest_route=\/wp\/v2\/pages"}],"about":[{"href":"https:\/\/lego-masters.si\/index.php?rest_route=\/wp\/v2\/types\/page"}],"author":[{"embeddable":true,"href":"https:\/\/lego-masters.si\/index.php?rest_route=\/wp\/v2\/users\/1"}],"replies":[{"embeddable":true,"href":"https:\/\/lego-masters.si\/index.php?rest_route=%2Fwp%2Fv2%2Fcomments&post=71"}],"version-history":[{"count":2,"href":"https:\/\/lego-masters.si\/index.php?rest_route=\/wp\/v2\/pages\/71\/revisions"}],"predecessor-version":[{"id":156,"href":"https:\/\/lego-masters.si\/index.php?rest_route=\/wp\/v2\/pages\/71\/revisions\/156"}],"wp:attachment":[{"href":"https:\/\/lego-masters.si\/index.php?rest_route=%2Fwp%2Fv2%2Fmedia&parent=71"}],"curies":[{"name":"wp","href":"https:\/\/api.w.org\/{rel}","templated":true}]}}