{"id":73,"date":"2020-02-25T06:27:26","date_gmt":"2020-02-25T06:27:26","guid":{"rendered":"https:\/\/lego-masters.si\/?page_id=73"},"modified":"2022-09-22T10:44:41","modified_gmt":"2022-09-22T09:44:41","slug":"tekmovanje-in-zabava","status":"publish","type":"page","link":"https:\/\/lego-masters.si\/?page_id=73","title":{"rendered":"Tekmovanje in zabava"},"content":{"rendered":"\n<p><\/p>\n\n\n\n<p><\/p>\n\n\n\n<p>Se \u017eeli\u0161 pomeriti z ostalimi dijaki ali \u0161tudenti v izdelavi <strong>avtonomnega mobilnega sistema<\/strong>?<\/p>\n\n\n\n<p>Na Dnevih avtomatike organiziramo tekmovanja iz izgradnje in programiranja <strong>avtonomnih mobilnih sistemov Lego Mindstorms EV3<\/strong> ter na\u010drtovanja algoritmov vodenja brezpilotnih letalnikov <strong>Ryze Tech Tello<\/strong>.<\/p>\n\n\n\n<p>Prijavi se in se poteguj za naslov\u00a0<a rel=\"noreferrer noopener\" href=\"http:\/\/lego-masters.si\/\" target=\"_blank\"><strong>Lego Masters<\/strong><\/a> ali\u00a0<a rel=\"noreferrer noopener\" href=\"https:\/\/dnevi-avtomatike.si\/?page_id=429\" target=\"_blank\"><strong>DRONE Challenge<\/strong><\/a>!<\/p>\n","protected":false},"excerpt":{"rendered":"<p>Se \u017eeli\u0161 pomeriti z ostalimi dijaki ali \u0161tudenti v izdelavi avtonomnega mobilnega sistema? Na Dnevih avtomatike organiziramo tekmovanja iz izgradnje in programiranja avtonomnih mobilnih sistemov Lego Mindstorms EV3 ter na\u010drtovanja algoritmov vodenja brezpilotnih letalnikov Ryze Tech Tello. Prijavi se in se poteguj za naslov\u00a0Lego Masters ali\u00a0DRONE Challenge!<\/p>\n","protected":false},"author":1,"featured_media":0,"parent":0,"menu_order":0,"comment_status":"closed","ping_status":"closed","template":"","meta":{"ngg_post_thumbnail":0},"_links":{"self":[{"href":"https:\/\/lego-masters.si\/index.php?rest_route=\/wp\/v2\/pages\/73"}],"collection":[{"href":"https:\/\/lego-masters.si\/index.php?rest_route=\/wp\/v2\/pages"}],"about":[{"href":"https:\/\/lego-masters.si\/index.php?rest_route=\/wp\/v2\/types\/page"}],"author":[{"embeddable":true,"href":"https:\/\/lego-masters.si\/index.php?rest_route=\/wp\/v2\/users\/1"}],"replies":[{"embeddable":true,"href":"https:\/\/lego-masters.si\/index.php?rest_route=%2Fwp%2Fv2%2Fcomments&post=73"}],"version-history":[{"count":3,"href":"https:\/\/lego-masters.si\/index.php?rest_route=\/wp\/v2\/pages\/73\/revisions"}],"predecessor-version":[{"id":1160,"href":"https:\/\/lego-masters.si\/index.php?rest_route=\/wp\/v2\/pages\/73\/revisions\/1160"}],"wp:attachment":[{"href":"https:\/\/lego-masters.si\/index.php?rest_route=%2Fwp%2Fv2%2Fmedia&parent=73"}],"curies":[{"name":"wp","href":"https:\/\/api.w.org\/{rel}","templated":true}]}}